{"id":50,"date":"2019-05-22T11:22:50","date_gmt":"2019-05-22T11:22:50","guid":{"rendered":"http:\/\/fundacioncomercio.es\/i3com\/?page_id=50"},"modified":"2019-05-22T11:53:23","modified_gmt":"2019-05-22T11:53:23","slug":"area-interactiva","status":"publish","type":"page","link":"https:\/\/fundacioncomercio.es\/i3com\/index.php\/area-interactiva","title":{"rendered":"\u00c1rea Interactiva"},"content":{"rendered":"\t\t<div data-elementor-type=\"wp-post\" data-elementor-id=\"50\" class=\"elementor elementor-50\">\n\t\t\t\t\t\t<section class=\"elementor-section elementor-top-section elementor-element elementor-element-16b721c elementor-section-boxed elementor-section-height-default elementor-section-height-default\" data-id=\"16b721c\" data-element_type=\"section\">\n\t\t\t\t\t\t<div class=\"elementor-container elementor-column-gap-default\">\n\t\t\t\t\t<div class=\"elementor-column elementor-col-100 elementor-top-column elementor-element elementor-element-6a1d57e\" data-id=\"6a1d57e\" data-element_type=\"column\">\n\t\t\t<div class=\"elementor-widget-wrap elementor-element-populated\">\n\t\t\t\t\t\t<div class=\"elementor-element elementor-element-a13a43b elementor-widget elementor-widget-text-editor\" data-id=\"a13a43b\" data-element_type=\"widget\" data-widget_type=\"text-editor.default\">\n\t\t\t\t<div class=\"elementor-widget-container\">\n\t\t\t\t\t\t\t\t\t<table border=\"0\" width=\"390\" cellspacing=\"0\" cellpadding=\"0\"><tbody><tr><td align=\"left\" valign=\"top\"><strong><span class=\"arial_blanco_tex11pt_B\">\u00c1rea Interactiva<\/span><\/strong><span class=\"arial_blanco_tex09pt\"><br \/><br \/><\/span><p class=\"arial_blanco_tex09pt\">Est\u00e1 destinada al intercambio, demostraci\u00f3n e interacci\u00f3n del conocimiento obtenido a trav\u00e9s de las acciones I+D+i. Entre otras funcionalidades, I3com se constituye como un centro demostrador que facilita el encuentro entre los demandantes de soluciones y aquellos que requieren de propuestas o herramientas innovadoras.<br \/><br \/>Para ello I3com alberga diferentes espacios acondicionados con las \u00faltimas tecnolog\u00edas para poder exponer los resultados obtenidos con las actuaciones en el \u00e1rea de transferencia tecnol\u00f3gica y tendr\u00e1n cabida el desarrollo de actuaciones tales como seminarios t\u00e9cnicos, exposiciones tem\u00e1ticas, acciones informativas\/formativas o desayunos tecnol\u00f3gicos.<br \/><br \/>La Federaci\u00f3n de Empresarios de Comercio de Burgos juega un papel vital dentro de este espacio al proporcionar todo su CAPITAL RELACIONAL que se materializa en la promoci\u00f3n y en la puesta a disposici\u00f3n de los contactos que ha ido adquiriendo a lo largo de su trayectoria de trabajo realizado a nivel provincial, regional y nacional.<\/p><\/td><\/tr><\/tbody><\/table>\t\t\t\t\t\t\t\t<\/div>\n\t\t\t\t<\/div>\n\t\t\t\t\t<\/div>\n\t\t<\/div>\n\t\t\t\t\t<\/div>\n\t\t<\/section>\n\t\t\t\t<\/div>\n\t\t","protected":false},"excerpt":{"rendered":"<p>\u00c1rea Interactiva Est\u00e1 destinada al intercambio, demostraci\u00f3n e interacci\u00f3n del conocimiento obtenido a trav\u00e9s de las acciones I+D+i. Entre otras<\/p>\n","protected":false},"author":1,"featured_media":0,"parent":0,"menu_order":0,"comment_status":"closed","ping_status":"closed","template":"","meta":{"footnotes":""},"yoast_head":"<!-- This site is optimized with the Yoast SEO plugin v24.5 - https:\/\/yoast.com\/wordpress\/plugins\/seo\/ -->\r\n<title>\u00c1rea Interactiva - i3com<\/title>\r\n<meta name=\"robots\" content=\"index, follow, max-snippet:-1, max-image-preview:large, max-video-preview:-1\" \/>\r\n<link rel=\"canonical\" href=\"https:\/\/fundacioncomercio.es\/i3com\/index.php\/area-interactiva\" \/>\r\n<meta property=\"og:locale\" content=\"es_ES\" \/>\r\n<meta property=\"og:type\" content=\"article\" \/>\r\n<meta property=\"og:title\" content=\"\u00c1rea Interactiva - i3com\" \/>\r\n<meta property=\"og:description\" content=\"\u00c1rea Interactiva Est\u00e1 destinada al intercambio, demostraci\u00f3n e interacci\u00f3n del conocimiento obtenido a trav\u00e9s de las acciones I+D+i. Entre otras\" \/>\r\n<meta property=\"og:url\" content=\"https:\/\/fundacioncomercio.es\/i3com\/index.php\/area-interactiva\" \/>\r\n<meta property=\"og:site_name\" content=\"i3com\" \/>\r\n<meta property=\"article:modified_time\" content=\"2019-05-22T11:53:23+00:00\" \/>\r\n<meta name=\"twitter:card\" content=\"summary_large_image\" \/>\r\n<meta name=\"twitter:label1\" content=\"Tiempo de lectura\" \/>\n\t<meta name=\"twitter:data1\" content=\"1 minuto\" \/>\r\n<script type=\"application\/ld+json\" class=\"yoast-schema-graph\">{\"@context\":\"https:\/\/schema.org\",\"@graph\":[{\"@type\":\"WebPage\",\"@id\":\"https:\/\/fundacioncomercio.es\/i3com\/index.php\/area-interactiva\",\"url\":\"https:\/\/fundacioncomercio.es\/i3com\/index.php\/area-interactiva\",\"name\":\"\u00c1rea Interactiva - i3com\",\"isPartOf\":{\"@id\":\"https:\/\/fundacioncomercio.es\/i3com\/#website\"},\"datePublished\":\"2019-05-22T11:22:50+00:00\",\"dateModified\":\"2019-05-22T11:53:23+00:00\",\"breadcrumb\":{\"@id\":\"https:\/\/fundacioncomercio.es\/i3com\/index.php\/area-interactiva#breadcrumb\"},\"inLanguage\":\"es\",\"potentialAction\":[{\"@type\":\"ReadAction\",\"target\":[\"https:\/\/fundacioncomercio.es\/i3com\/index.php\/area-interactiva\"]}]},{\"@type\":\"BreadcrumbList\",\"@id\":\"https:\/\/fundacioncomercio.es\/i3com\/index.php\/area-interactiva#breadcrumb\",\"itemListElement\":[{\"@type\":\"ListItem\",\"position\":1,\"name\":\"Portada\",\"item\":\"https:\/\/fundacioncomercio.es\/i3com\"},{\"@type\":\"ListItem\",\"position\":2,\"name\":\"\u00c1rea Interactiva\"}]},{\"@type\":\"WebSite\",\"@id\":\"https:\/\/fundacioncomercio.es\/i3com\/#website\",\"url\":\"https:\/\/fundacioncomercio.es\/i3com\/\",\"name\":\"i3com\",\"description\":\"\",\"publisher\":{\"@id\":\"https:\/\/fundacioncomercio.es\/i3com\/#organization\"},\"potentialAction\":[{\"@type\":\"SearchAction\",\"target\":{\"@type\":\"EntryPoint\",\"urlTemplate\":\"https:\/\/fundacioncomercio.es\/i3com\/?s={search_term_string}\"},\"query-input\":{\"@type\":\"PropertyValueSpecification\",\"valueRequired\":true,\"valueName\":\"search_term_string\"}}],\"inLanguage\":\"es\"},{\"@type\":\"Organization\",\"@id\":\"https:\/\/fundacioncomercio.es\/i3com\/#organization\",\"name\":\"i3com\",\"url\":\"https:\/\/fundacioncomercio.es\/i3com\/\",\"logo\":{\"@type\":\"ImageObject\",\"inLanguage\":\"es\",\"@id\":\"https:\/\/fundacioncomercio.es\/i3com\/#\/schema\/logo\/image\/\",\"url\":\"https:\/\/fundacioncomercio.es\/i3com\/wp-content\/uploads\/2019\/05\/cropped-logoi3paraWp-1.png\",\"contentUrl\":\"https:\/\/fundacioncomercio.es\/i3com\/wp-content\/uploads\/2019\/05\/cropped-logoi3paraWp-1.png\",\"width\":8510,\"height\":1169,\"caption\":\"i3com\"},\"image\":{\"@id\":\"https:\/\/fundacioncomercio.es\/i3com\/#\/schema\/logo\/image\/\"}}]}<\/script>\r\n<!-- \/ Yoast SEO plugin. -->","yoast_head_json":{"title":"\u00c1rea Interactiva - i3com","robots":{"index":"index","follow":"follow","max-snippet":"max-snippet:-1","max-image-preview":"max-image-preview:large","max-video-preview":"max-video-preview:-1"},"canonical":"https:\/\/fundacioncomercio.es\/i3com\/index.php\/area-interactiva","og_locale":"es_ES","og_type":"article","og_title":"\u00c1rea Interactiva - i3com","og_description":"\u00c1rea Interactiva Est\u00e1 destinada al intercambio, demostraci\u00f3n e interacci\u00f3n del conocimiento obtenido a trav\u00e9s de las acciones I+D+i. Entre otras","og_url":"https:\/\/fundacioncomercio.es\/i3com\/index.php\/area-interactiva","og_site_name":"i3com","article_modified_time":"2019-05-22T11:53:23+00:00","twitter_card":"summary_large_image","twitter_misc":{"Tiempo de lectura":"1 minuto"},"schema":{"@context":"https:\/\/schema.org","@graph":[{"@type":"WebPage","@id":"https:\/\/fundacioncomercio.es\/i3com\/index.php\/area-interactiva","url":"https:\/\/fundacioncomercio.es\/i3com\/index.php\/area-interactiva","name":"\u00c1rea Interactiva - i3com","isPartOf":{"@id":"https:\/\/fundacioncomercio.es\/i3com\/#website"},"datePublished":"2019-05-22T11:22:50+00:00","dateModified":"2019-05-22T11:53:23+00:00","breadcrumb":{"@id":"https:\/\/fundacioncomercio.es\/i3com\/index.php\/area-interactiva#breadcrumb"},"inLanguage":"es","potentialAction":[{"@type":"ReadAction","target":["https:\/\/fundacioncomercio.es\/i3com\/index.php\/area-interactiva"]}]},{"@type":"BreadcrumbList","@id":"https:\/\/fundacioncomercio.es\/i3com\/index.php\/area-interactiva#breadcrumb","itemListElement":[{"@type":"ListItem","position":1,"name":"Portada","item":"https:\/\/fundacioncomercio.es\/i3com"},{"@type":"ListItem","position":2,"name":"\u00c1rea Interactiva"}]},{"@type":"WebSite","@id":"https:\/\/fundacioncomercio.es\/i3com\/#website","url":"https:\/\/fundacioncomercio.es\/i3com\/","name":"i3com","description":"","publisher":{"@id":"https:\/\/fundacioncomercio.es\/i3com\/#organization"},"potentialAction":[{"@type":"SearchAction","target":{"@type":"EntryPoint","urlTemplate":"https:\/\/fundacioncomercio.es\/i3com\/?s={search_term_string}"},"query-input":{"@type":"PropertyValueSpecification","valueRequired":true,"valueName":"search_term_string"}}],"inLanguage":"es"},{"@type":"Organization","@id":"https:\/\/fundacioncomercio.es\/i3com\/#organization","name":"i3com","url":"https:\/\/fundacioncomercio.es\/i3com\/","logo":{"@type":"ImageObject","inLanguage":"es","@id":"https:\/\/fundacioncomercio.es\/i3com\/#\/schema\/logo\/image\/","url":"https:\/\/fundacioncomercio.es\/i3com\/wp-content\/uploads\/2019\/05\/cropped-logoi3paraWp-1.png","contentUrl":"https:\/\/fundacioncomercio.es\/i3com\/wp-content\/uploads\/2019\/05\/cropped-logoi3paraWp-1.png","width":8510,"height":1169,"caption":"i3com"},"image":{"@id":"https:\/\/fundacioncomercio.es\/i3com\/#\/schema\/logo\/image\/"}}]}},"_links":{"self":[{"href":"https:\/\/fundacioncomercio.es\/i3com\/index.php\/wp-json\/wp\/v2\/pages\/50"}],"collection":[{"href":"https:\/\/fundacioncomercio.es\/i3com\/index.php\/wp-json\/wp\/v2\/pages"}],"about":[{"href":"https:\/\/fundacioncomercio.es\/i3com\/index.php\/wp-json\/wp\/v2\/types\/page"}],"author":[{"embeddable":true,"href":"https:\/\/fundacioncomercio.es\/i3com\/index.php\/wp-json\/wp\/v2\/users\/1"}],"replies":[{"embeddable":true,"href":"https:\/\/fundacioncomercio.es\/i3com\/index.php\/wp-json\/wp\/v2\/comments?post=50"}],"version-history":[{"count":3,"href":"https:\/\/fundacioncomercio.es\/i3com\/index.php\/wp-json\/wp\/v2\/pages\/50\/revisions"}],"predecessor-version":[{"id":53,"href":"https:\/\/fundacioncomercio.es\/i3com\/index.php\/wp-json\/wp\/v2\/pages\/50\/revisions\/53"}],"wp:attachment":[{"href":"https:\/\/fundacioncomercio.es\/i3com\/index.php\/wp-json\/wp\/v2\/media?parent=50"}],"curies":[{"name":"wp","href":"https:\/\/api.w.org\/{rel}","templated":true}]}}